{"id":6486,"date":"2023-05-25T10:50:01","date_gmt":"2023-05-25T08:50:01","guid":{"rendered":"http:\/\/relaunch.timm-technology.com\/?post_type=product&#038;p=6486"},"modified":"2025-08-18T08:46:18","modified_gmt":"2025-08-18T06:46:18","slug":"uberfullsicherung-eus-2","status":"publish","type":"product","link":"https:\/\/timm-technology.com\/de\/produkt\/uberfullsicherung-eus-2\/","title":{"rendered":"\u00dcberf\u00fcllsicherung EUS-2"},"content":{"rendered":"<ul>\n<li>\u00dcberwachung von <strong>Bottom-Loading Bef\u00fcllprozessen<\/strong> f\u00fcr fl\u00fcssige Kraft- und Brennstoffe in der petrochemischen Industrie:\n<ul>\n<li>\u00dcberf\u00fcllsicherung<\/li>\n<li>Erdungs\u00fcberwachung<\/li>\n<li>\u00dcberwachung des Gaspendelschlauches<\/li>\n<\/ul>\n<\/li>\n<li><strong>Sofortige Unterbrechung<\/strong> des Bef\u00fcllprozesses im Falle der Erkennung der \u00dcberf\u00fcllung einer Tankkammer sowie bei ungen\u00fcgender elektrostatischer Erdung<\/li>\n<li>Automatische Erkennung des angeschlossenen Tankwagens gem\u00e4\u00df Europ\u00e4ischer Norm <strong>EN 13922<\/strong> oder amerikanischem Standard <strong>API RP 1004<\/strong><\/li>\n<li>Explosionsschutz f\u00fcr den weltweiten Einsatz gem\u00e4\u00df <strong>IECEx<\/strong>, der Europ\u00e4ischen <strong>ATEX-Richtlinie 2014\/34\/EU<\/strong>, und der indischen <strong>CCOE\/PESO<\/strong> Zulassung<\/li>\n<li>Funktionale Sicherheit gepr\u00fcft nach EN 61508:2010 (<strong>SIL 2<\/strong>)<\/li>\n<li>Volle Kompatibilit\u00e4t \u2013 unabh\u00e4ngig vom Sensorhersteller \u2013 mit allen <strong>5-Draht<\/strong>-, <strong>2-Draht<\/strong>&#8211; oder <strong>anderen Sensoren<\/strong> gem\u00e4\u00df EN 13922<\/li>\n<\/ul>\n","protected":false},"excerpt":{"rendered":"<p>\u00dcberwachung von Bottom-Loading Bef\u00fcllprozessen f\u00fcr fl\u00fcssige Kraft- und Brennstoffe in der petrochemischen Industrie: \u00dcberf\u00fcllsicherung Erdungs\u00fcberwachung \u00dcberwachung des Gaspendelschlauches Sofortige Unterbrechung des Bef\u00fcllprozesses im Falle der Erkennung der \u00dcberf\u00fcllung einer Tankkammer sowie bei ungen\u00fcgender elektrostatischer Erdung Automatische Erkennung des angeschlossenen Tankwagens gem\u00e4\u00df Europ\u00e4ischer Norm EN 13922 oder amerikanischem Standard API RP 1004 Explosionsschutz f\u00fcr den weltweiten [&hellip;]<\/p>\n","protected":false},"featured_media":6479,"template":"","meta":[],"product_brand":[],"product_cat":[146],"product_tag":[],"class_list":{"0":"post-6486","1":"product","2":"type-product","3":"status-publish","4":"has-post-thumbnail","6":"product_cat-ueberfuellsicherung","8":"first","9":"instock","10":"taxable","11":"shipping-taxable","12":"product-type-variable"},"jetpack_sharing_enabled":true,"_links":{"self":[{"href":"https:\/\/timm-technology.com\/de\/wp-json\/wp\/v2\/product\/6486","targetHints":{"allow":["GET"]}}],"collection":[{"href":"https:\/\/timm-technology.com\/de\/wp-json\/wp\/v2\/product"}],"about":[{"href":"https:\/\/timm-technology.com\/de\/wp-json\/wp\/v2\/types\/product"}],"version-history":[{"count":6,"href":"https:\/\/timm-technology.com\/de\/wp-json\/wp\/v2\/product\/6486\/revisions"}],"predecessor-version":[{"id":7775,"href":"https:\/\/timm-technology.com\/de\/wp-json\/wp\/v2\/product\/6486\/revisions\/7775"}],"wp:featuredmedia":[{"embeddable":true,"href":"https:\/\/timm-technology.com\/de\/wp-json\/wp\/v2\/media\/6479"}],"wp:attachment":[{"href":"https:\/\/timm-technology.com\/de\/wp-json\/wp\/v2\/media?parent=6486"}],"wp:term":[{"taxonomy":"product_brand","embeddable":true,"href":"https:\/\/timm-technology.com\/de\/wp-json\/wp\/v2\/product_brand?post=6486"},{"taxonomy":"product_cat","embeddable":true,"href":"https:\/\/timm-technology.com\/de\/wp-json\/wp\/v2\/product_cat?post=6486"},{"taxonomy":"product_tag","embeddable":true,"href":"https:\/\/timm-technology.com\/de\/wp-json\/wp\/v2\/product_tag?post=6486"}],"curies":[{"name":"wp","href":"https:\/\/api.w.org\/{rel}","templated":true}]}}