{"id":3159,"date":"2023-04-28T12:54:42","date_gmt":"2023-04-28T10:54:42","guid":{"rendered":"http:\/\/relaunch.timm-technology.com\/produkt\/testvorrichtung-fur-die-uberfullsicherung-eus-2\/"},"modified":"2025-07-02T10:01:33","modified_gmt":"2025-07-02T08:01:33","slug":"testvorrichtung-fur-die-uberfullsicherung-eus-2","status":"publish","type":"product","link":"https:\/\/timm-technology.com\/de\/produkt\/testvorrichtung-fur-die-uberfullsicherung-eus-2\/","title":{"rendered":"Testvorrichtung f\u00fcr die \u00dcberf\u00fcllsicherung EUS-2"},"content":{"rendered":"<p>Die <strong>Testvorrichtung<\/strong> zur \u00dcberpr\u00fcfung der <strong>\u00dcberf\u00fcllsicherung EUS-2<\/strong>. Simulation der wichtigsten Zust\u00e4nde eines Tankwagens mithilfe entsprechender <strong>Pr\u00fcfschalter<\/strong>.<\/p>\n<p>\u00dcberpr\u00fcfung von:<\/p>\n<ul>\n<li>Sensorstatus: \u201etrocken\u201c oder \u201eeingetaucht\u201c (Wahlschalter f\u00fcr 12 Sensoren\/Tankkammern)<\/li>\n<li>Art der Erdungserkennung: &#8222;Widerstandsmessung&#8220; oder &#8222;Diodenerkennung&#8220;<\/li>\n<li>Erdung: \u201eOK\u201c, &#8222;nicht vorhanden&#8220; oder \u201efehlerhaft\u201c (zu hochohmig)<\/li>\n<li>Gaspendelschlauch: \u201eOK\u201c oder \u201efehlerhaft\u201c<\/li>\n<\/ul>\n<p>Robustes Aluminium-Geh\u00e4use mit integrierter Steckdose zum Anschluss eines TW-Steckers. Erh\u00e4ltlich f\u00fcr <strong>10-polige Tankwagenstecker<\/strong> mit <strong>4J-Verriegelung<\/strong> oder f\u00fcr <strong>7-polige Tankwagenstecker<\/strong> mit <strong>3J-Verriegelung.<\/strong><\/p>\n","protected":false},"excerpt":{"rendered":"<p>Die Testvorrichtung zur \u00dcberpr\u00fcfung der \u00dcberf\u00fcllsicherung EUS-2. Simulation der wichtigsten Zust\u00e4nde eines Tankwagens mithilfe entsprechender Pr\u00fcfschalter. \u00dcberpr\u00fcfung von: Sensorstatus: \u201etrocken\u201c oder \u201eeingetaucht\u201c (Wahlschalter f\u00fcr 12 Sensoren\/Tankkammern) Art der Erdungserkennung: &#8222;Widerstandsmessung&#8220; oder &#8222;Diodenerkennung&#8220; Erdung: \u201eOK\u201c, &#8222;nicht vorhanden&#8220; oder \u201efehlerhaft\u201c (zu hochohmig) Gaspendelschlauch: \u201eOK\u201c oder \u201efehlerhaft\u201c Robustes Aluminium-Geh\u00e4use mit integrierter Steckdose zum Anschluss eines TW-Steckers. Erh\u00e4ltlich f\u00fcr [&hellip;]<\/p>\n","protected":false},"featured_media":3146,"template":"","meta":[],"product_brand":[],"product_cat":[177,146],"product_tag":[],"class_list":{"0":"post-3159","1":"product","2":"type-product","3":"status-publish","4":"has-post-thumbnail","6":"product_cat-ueberfuellsicherung-sonstiges","7":"product_cat-ueberfuellsicherung","9":"first","10":"instock","11":"taxable","12":"shipping-taxable","13":"product-type-variable"},"jetpack_sharing_enabled":true,"_links":{"self":[{"href":"https:\/\/timm-technology.com\/de\/wp-json\/wp\/v2\/product\/3159","targetHints":{"allow":["GET"]}}],"collection":[{"href":"https:\/\/timm-technology.com\/de\/wp-json\/wp\/v2\/product"}],"about":[{"href":"https:\/\/timm-technology.com\/de\/wp-json\/wp\/v2\/types\/product"}],"version-history":[{"count":1,"href":"https:\/\/timm-technology.com\/de\/wp-json\/wp\/v2\/product\/3159\/revisions"}],"predecessor-version":[{"id":3162,"href":"https:\/\/timm-technology.com\/de\/wp-json\/wp\/v2\/product\/3159\/revisions\/3162"}],"wp:featuredmedia":[{"embeddable":true,"href":"https:\/\/timm-technology.com\/de\/wp-json\/wp\/v2\/media\/3146"}],"wp:attachment":[{"href":"https:\/\/timm-technology.com\/de\/wp-json\/wp\/v2\/media?parent=3159"}],"wp:term":[{"taxonomy":"product_brand","embeddable":true,"href":"https:\/\/timm-technology.com\/de\/wp-json\/wp\/v2\/product_brand?post=3159"},{"taxonomy":"product_cat","embeddable":true,"href":"https:\/\/timm-technology.com\/de\/wp-json\/wp\/v2\/product_cat?post=3159"},{"taxonomy":"product_tag","embeddable":true,"href":"https:\/\/timm-technology.com\/de\/wp-json\/wp\/v2\/product_tag?post=3159"}],"curies":[{"name":"wp","href":"https:\/\/api.w.org\/{rel}","templated":true}]}}