{"id":3139,"date":"2023-04-28T12:35:26","date_gmt":"2023-04-28T10:35:26","guid":{"rendered":"http:\/\/relaunch.timm-technology.com\/produkt\/trennsteckdosen-zur-montage-am-gaspendelarm\/"},"modified":"2025-07-02T09:09:11","modified_gmt":"2025-07-02T07:09:11","slug":"trennsteckdosen-zur-montage-am-gaspendelarm","status":"publish","type":"product","link":"https:\/\/timm-technology.com\/de\/produkt\/trennsteckdosen-zur-montage-am-gaspendelarm\/","title":{"rendered":"Trennsteckdosen zur Montage am Gaspendelarm"},"content":{"rendered":"<p>Trennsteckdose zur <strong>direkten Montage<\/strong> am Gaspendelarm mit <strong>Ex i Trennbuchse<\/strong> zum trennbaren Anschluss von einem Tankwagen-Spiralkabel. Der Lieferumfang umfasst zudem ein vollst\u00e4ndiges Leitungsf\u00fchrungs-Installationsset.<\/p>\n<p>Folgende Ausf\u00fchrungen sind verf\u00fcgbar:<\/p>\n<ul>\n<li><strong>Ohne Parksteckdose <\/strong>\u2013 mit 11 m langem Spezialkabel zum direkten Anschluss an EUS-2 bzw. EUS-1<\/li>\n<li><strong>Mit Parksteckdose<\/strong> \u2013 mit 11 m langem Spezialkabel zum Anschluss an EUS-2 bzw. EUS-1; mit Parksteckdose zum Anschluss eines 10-poligen TW-Steckers gem. EN 13922<\/li>\n<\/ul>\n<p><em>Bitte im Anfrageformular die gew\u00fcnschte Kabell\u00e4nge angeben, falls mehr oder weniger als 11 m Kabell\u00e4nge gew\u00fcnscht werden.<\/em><\/p>\n","protected":false},"excerpt":{"rendered":"<p>Trennsteckdose zur direkten Montage am Gaspendelarm mit Ex i Trennbuchse zum trennbaren Anschluss von einem Tankwagen-Spiralkabel. Der Lieferumfang umfasst zudem ein vollst\u00e4ndiges Leitungsf\u00fchrungs-Installationsset. Folgende Ausf\u00fchrungen sind verf\u00fcgbar: Ohne Parksteckdose \u2013 mit 11 m langem Spezialkabel zum direkten Anschluss an EUS-2 bzw. EUS-1 Mit Parksteckdose \u2013 mit 11 m langem Spezialkabel zum Anschluss an EUS-2 bzw. [&hellip;]<\/p>\n","protected":false},"featured_media":3073,"template":"","meta":[],"product_brand":[],"product_cat":[175,146],"product_tag":[],"class_list":{"0":"post-3139","1":"product","2":"type-product","3":"status-publish","4":"has-post-thumbnail","6":"product_cat-ueberfuellsicherung-trennsteckdosen","7":"product_cat-ueberfuellsicherung","9":"first","10":"instock","11":"taxable","12":"shipping-taxable","13":"product-type-variable"},"jetpack_sharing_enabled":true,"_links":{"self":[{"href":"https:\/\/timm-technology.com\/de\/wp-json\/wp\/v2\/product\/3139","targetHints":{"allow":["GET"]}}],"collection":[{"href":"https:\/\/timm-technology.com\/de\/wp-json\/wp\/v2\/product"}],"about":[{"href":"https:\/\/timm-technology.com\/de\/wp-json\/wp\/v2\/types\/product"}],"version-history":[{"count":1,"href":"https:\/\/timm-technology.com\/de\/wp-json\/wp\/v2\/product\/3139\/revisions"}],"predecessor-version":[{"id":3142,"href":"https:\/\/timm-technology.com\/de\/wp-json\/wp\/v2\/product\/3139\/revisions\/3142"}],"wp:featuredmedia":[{"embeddable":true,"href":"https:\/\/timm-technology.com\/de\/wp-json\/wp\/v2\/media\/3073"}],"wp:attachment":[{"href":"https:\/\/timm-technology.com\/de\/wp-json\/wp\/v2\/media?parent=3139"}],"wp:term":[{"taxonomy":"product_brand","embeddable":true,"href":"https:\/\/timm-technology.com\/de\/wp-json\/wp\/v2\/product_brand?post=3139"},{"taxonomy":"product_cat","embeddable":true,"href":"https:\/\/timm-technology.com\/de\/wp-json\/wp\/v2\/product_cat?post=3139"},{"taxonomy":"product_tag","embeddable":true,"href":"https:\/\/timm-technology.com\/de\/wp-json\/wp\/v2\/product_tag?post=3139"}],"curies":[{"name":"wp","href":"https:\/\/api.w.org\/{rel}","templated":true}]}}