{"id":2889,"date":"2023-04-18T12:53:51","date_gmt":"2023-04-18T10:53:51","guid":{"rendered":"http:\/\/relaunch.timm-technology.com\/produkt\/timm-basic-bite-erdungszange\/"},"modified":"2024-01-05T08:04:08","modified_gmt":"2024-01-05T07:04:08","slug":"timm-basic-bite-erdungszange","status":"publish","type":"product","link":"https:\/\/timm-technology.com\/de\/produkt\/timm-basic-bite-erdungszange\/","title":{"rendered":"TIMM Basic Bite Erdungszange"},"content":{"rendered":"<ul>\n<li>Einfach Erdungszange als <strong>Basis-Schutz <\/strong>gegen elektrostatische Aufladungen in <strong>anspruchsvollen Arbeitsumgebungen<\/strong><\/li>\n<li><strong>Ausgewogene Bei\u00dfkraft<\/strong> dank starker Zangenfeder<\/li>\n<li><strong>Unempfindlicher gegen\u00fcber Besch\u00e4digungen durch Herunterfallen <\/strong>als vergleichbare, aus Alu-Druckguss hergestellte Zangen<\/li>\n<li>Die TIMM Basic Bite Erdungszange kann einzeln oder mit einem <strong>fertig angeschlossenen Erdungskabel<\/strong> erworben werden<\/li>\n<li>Wir empfehlen die Verwendung unseres mechanisch \u00e4u\u00dferst stabilen <strong>spiralisierten Stahlseilkabels<\/strong><\/li>\n<\/ul>\n","protected":false},"excerpt":{"rendered":"<p><strong>Besonders geeignet f\u00fcr: <\/strong>Kleine bis mittelgro\u00dfe F\u00e4sser, Beh\u00e4lter, Kanister, Kannen, Eimer, Trichter sowie kleine Anlagenteile<\/p>\n<p><strong>Mindestbestellmenge<\/strong> (ohne Kabel): 10 Stk.<\/p>\n","protected":false},"featured_media":1222,"template":"","meta":[],"product_brand":[],"product_cat":[172,70,174],"product_tag":[],"class_list":{"0":"post-2889","1":"product","2":"type-product","3":"status-publish","4":"has-post-thumbnail","6":"product_cat-einfache-erdungsloesungen","7":"product_cat-erdung","8":"product_cat-einfache-erdungsloesungen-zangen","10":"first","11":"instock","12":"taxable","13":"shipping-taxable","14":"purchasable","15":"product-type-simple"},"jetpack_sharing_enabled":true,"_links":{"self":[{"href":"https:\/\/timm-technology.com\/de\/wp-json\/wp\/v2\/product\/2889","targetHints":{"allow":["GET"]}}],"collection":[{"href":"https:\/\/timm-technology.com\/de\/wp-json\/wp\/v2\/product"}],"about":[{"href":"https:\/\/timm-technology.com\/de\/wp-json\/wp\/v2\/types\/product"}],"version-history":[{"count":2,"href":"https:\/\/timm-technology.com\/de\/wp-json\/wp\/v2\/product\/2889\/revisions"}],"predecessor-version":[{"id":8015,"href":"https:\/\/timm-technology.com\/de\/wp-json\/wp\/v2\/product\/2889\/revisions\/8015"}],"wp:featuredmedia":[{"embeddable":true,"href":"https:\/\/timm-technology.com\/de\/wp-json\/wp\/v2\/media\/1222"}],"wp:attachment":[{"href":"https:\/\/timm-technology.com\/de\/wp-json\/wp\/v2\/media?parent=2889"}],"wp:term":[{"taxonomy":"product_brand","embeddable":true,"href":"https:\/\/timm-technology.com\/de\/wp-json\/wp\/v2\/product_brand?post=2889"},{"taxonomy":"product_cat","embeddable":true,"href":"https:\/\/timm-technology.com\/de\/wp-json\/wp\/v2\/product_cat?post=2889"},{"taxonomy":"product_tag","embeddable":true,"href":"https:\/\/timm-technology.com\/de\/wp-json\/wp\/v2\/product_tag?post=2889"}],"curies":[{"name":"wp","href":"https:\/\/api.w.org\/{rel}","templated":true}]}}