{"id":2535,"date":"2023-04-27T14:43:31","date_gmt":"2023-04-27T12:43:31","guid":{"rendered":"http:\/\/relaunch.timm-technology.com\/?post_type=product&#038;p=2535"},"modified":"2026-01-07T10:34:31","modified_gmt":"2026-01-07T09:34:31","slug":"glattes-erdungskabel-beidseitig-mit-zangen-2","status":"publish","type":"product","link":"https:\/\/timm-technology.com\/de\/produkt\/glattes-erdungskabel-beidseitig-mit-zangen-2\/","title":{"rendered":"Glattes Erdungskabel mit Zange und \u00d6se"},"content":{"rendered":"<ul>\n<li>W\u00e4hlen Sie f\u00fcr Ihre Anwendung passgenau aus unseren hochwertigen TIMM Bite Erdungszangen.<\/li>\n<li>Alle unsere Erdungszangen sind ATEX gepr\u00fcft und bis Zone 0 und Zone 20 zugelassen.<\/li>\n<li>Kombinieren Sie zu unseren Erdungszangen ganz flexibel das gew\u00fcnschte Erdungskabel.<\/li>\n<li>Der Ringkabelschuh am Erdungskabel zur Befestigung am lokalen Erdungspunkt wird in der Gr\u00f6\u00dfe M8 ausgef\u00fchrt.<\/li>\n<li><strong>Andere Kabell\u00e4ngen und Kabelschuhweiten sind auf Anfrage erh\u00e4ltlich.<\/strong><\/li>\n<li><strong>Hinweis: Bei der Installation ist darauf zu achten, dass das Erdungskabel leitf\u00e4hig und mechanisch gut haltend mit dem ausgewiesenen Erdungspunkt \/ Erdpotential verbunden wird.<\/strong><\/li>\n<li>Als Spezialist im Bereich Elektrostatik und Explosionsschutz beraten wir Sie gerne zu Ihrer Anwendung. Bitte sprechen Sie uns hierzu jederzeit gerne an.<\/li>\n<\/ul>\n","protected":false},"excerpt":{"rendered":"<p><strong>Besonders geeignet f\u00fcr: <\/strong>Elektrostatische Erdung im Umkreis eines festen Erdungspunktes, an welchen das Erdungskabel mittels Ringkabelschuh (\u00d6se) befestigt wird.<\/p>\n","protected":false},"featured_media":2612,"template":"","meta":[],"product_brand":[],"product_cat":[172,70,173],"product_tag":[],"class_list":{"0":"post-2535","1":"product","2":"type-product","3":"status-publish","4":"has-post-thumbnail","6":"product_cat-einfache-erdungsloesungen","7":"product_cat-erdung","8":"product_cat-einfache-erdungsloesungen-kabel","10":"first","11":"instock","12":"taxable","13":"shipping-taxable","14":"purchasable","15":"product-type-variable"},"jetpack_sharing_enabled":true,"_links":{"self":[{"href":"https:\/\/timm-technology.com\/de\/wp-json\/wp\/v2\/product\/2535","targetHints":{"allow":["GET"]}}],"collection":[{"href":"https:\/\/timm-technology.com\/de\/wp-json\/wp\/v2\/product"}],"about":[{"href":"https:\/\/timm-technology.com\/de\/wp-json\/wp\/v2\/types\/product"}],"version-history":[{"count":4,"href":"https:\/\/timm-technology.com\/de\/wp-json\/wp\/v2\/product\/2535\/revisions"}],"predecessor-version":[{"id":16688,"href":"https:\/\/timm-technology.com\/de\/wp-json\/wp\/v2\/product\/2535\/revisions\/16688"}],"wp:featuredmedia":[{"embeddable":true,"href":"https:\/\/timm-technology.com\/de\/wp-json\/wp\/v2\/media\/2612"}],"wp:attachment":[{"href":"https:\/\/timm-technology.com\/de\/wp-json\/wp\/v2\/media?parent=2535"}],"wp:term":[{"taxonomy":"product_brand","embeddable":true,"href":"https:\/\/timm-technology.com\/de\/wp-json\/wp\/v2\/product_brand?post=2535"},{"taxonomy":"product_cat","embeddable":true,"href":"https:\/\/timm-technology.com\/de\/wp-json\/wp\/v2\/product_cat?post=2535"},{"taxonomy":"product_tag","embeddable":true,"href":"https:\/\/timm-technology.com\/de\/wp-json\/wp\/v2\/product_tag?post=2535"}],"curies":[{"name":"wp","href":"https:\/\/api.w.org\/{rel}","templated":true}]}}