{"id":2204,"date":"2023-04-26T13:15:58","date_gmt":"2023-04-26T11:15:58","guid":{"rendered":"http:\/\/relaunch.timm-technology.com\/produkt\/erdungstestgerat-ekx-4-2-polig\/"},"modified":"2025-09-02T11:09:16","modified_gmt":"2025-09-02T09:09:16","slug":"erdungstestgerat-ekx-4-2-polig","status":"publish","type":"product","link":"https:\/\/timm-technology.com\/de\/produkt\/erdungstestgerat-ekx-4-2-polig\/","title":{"rendered":"Erdungstestger\u00e4t EKX-4 (2-polig)"},"content":{"rendered":"\t\t<div data-elementor-type=\"product-post\" data-elementor-id=\"2204\" class=\"elementor elementor-2204 elementor-2044\" data-elementor-post-type=\"product\">\n\t\t\t\t\t\t<section class=\"elementor-section elementor-top-section elementor-element elementor-element-7c87175d elementor-section-boxed elementor-section-height-default elementor-section-height-default\" data-id=\"7c87175d\" data-element_type=\"section\" data-e-type=\"section\">\n\t\t\t\t\t\t<div class=\"elementor-container elementor-column-gap-default\">\n\t\t\t\t\t<div class=\"elementor-column elementor-col-100 elementor-top-column elementor-element elementor-element-cf32b8e\" data-id=\"cf32b8e\" data-element_type=\"column\" data-e-type=\"column\">\n\t\t\t<div class=\"elementor-widget-wrap elementor-element-populated\">\n\t\t\t\t\t\t<div class=\"elementor-element elementor-element-26bc9ded elementor-widget elementor-widget-text-editor\" data-id=\"26bc9ded\" data-element_type=\"widget\" data-e-type=\"widget\" data-widget_type=\"text-editor.default\">\n\t\t\t\t<div class=\"elementor-widget-container\">\n\t\t\t\t\t\t\t\t\t<ul>\n \t<li><strong>\u00dcberwachte Erdung<\/strong> bei der Bef\u00fcllung von <strong>Containern, F\u00e4ssern, IBC&#8217;s<\/strong> und anderen Beh\u00e4ltern<\/li>\n \t<li>Bei der Verladung von <strong>Sch\u00fcttgut<\/strong> und <strong>brennbaren Fl\u00fcssigkeiten<\/strong><\/li>\n \t<li>Einsatz in <strong>gas- und staubexplosionsgef\u00e4hrdeten Bereichen<\/strong> der <strong>Zonen<\/strong> <strong>1<\/strong> (Ger\u00e4tekategorie <strong>II 2 G<\/strong>) und<strong> 21<\/strong> (<strong>II 2 D<\/strong>)<\/li>\n \t<li>Kontrollierte Ableitung der entstehenden statischen Elektrizit\u00e4t<\/li>\n \t<li>Sofortige <strong>Unterbrechung des Bef\u00fcllvorgangs<\/strong> bei unsicherer Erdungsverbindung<\/li>\n \t<li>Entspricht allen derzeit g\u00fcltigen Normen der<strong> EMV- und ATEX-Richtlinie<\/strong><\/li>\n<\/ul>\t\t\t\t\t\t\t\t<\/div>\n\t\t\t\t<\/div>\n\t\t\t\t\t<\/div>\n\t\t<\/div>\n\t\t\t\t\t<\/div>\n\t\t<\/section>\n\t\t\t\t<section class=\"elementor-section elementor-top-section elementor-element elementor-element-517663f elementor-section-boxed elementor-section-height-default elementor-section-height-default\" data-id=\"517663f\" data-element_type=\"section\" data-e-type=\"section\">\n\t\t\t\t\t\t<div class=\"elementor-container elementor-column-gap-default\">\n\t\t\t\t\t<div class=\"elementor-column elementor-col-100 elementor-top-column elementor-element elementor-element-f3e1a36\" data-id=\"f3e1a36\" data-element_type=\"column\" data-e-type=\"column\">\n\t\t\t<div class=\"elementor-widget-wrap elementor-element-populated\">\n\t\t\t\t\t\t<div class=\"elementor-element elementor-element-aa69957 elementor-widget elementor-widget-html\" data-id=\"aa69957\" data-element_type=\"widget\" data-e-type=\"widget\" data-widget_type=\"html.default\">\n\t\t\t\t<div class=\"elementor-widget-container\">\n\t\t\t\t\t<iframe src=\"https:\/\/timmtechnology.autodesk360.com\/shares\/public\/SH30dd5QT870c25f12fc8d55aa799499f986?mode=embed\" width=\"1024\" height=\"768\" allowfullscreen=\"true\" webkitallowfullscreen=\"true\" mozallowfullscreen=\"true\"  frameborder=\"0\"><\/iframe>\r\n\t\t\t\t<\/div>\n\t\t\t\t<\/div>\n\t\t\t\t\t<\/div>\n\t\t<\/div>\n\t\t\t\t\t<\/div>\n\t\t<\/section>\n\t\t\t\t<\/div>\n\t\t","protected":false},"excerpt":{"rendered":"<p>\u00dcberwachte Erdung bei der Bef\u00fcllung von Containern, F\u00e4ssern, IBC&#8217;s und anderen Beh\u00e4ltern Bei der Verladung von Sch\u00fcttgut und brennbaren Fl\u00fcssigkeiten Einsatz in gas- und staubexplosionsgef\u00e4hrdeten Bereichen der Zonen 1 (Ger\u00e4tekategorie II 2 G) und 21 (II 2 D) Kontrollierte Ableitung der entstehenden statischen Elektrizit\u00e4t Sofortige Unterbrechung des Bef\u00fcllvorgangs bei unsicherer Erdungsverbindung Entspricht allen derzeit g\u00fcltigen [&hellip;]<\/p>\n","protected":false},"featured_media":2049,"template":"","meta":[],"product_brand":[],"product_cat":[70,164],"product_tag":[],"class_list":{"0":"post-2204","1":"product","2":"type-product","3":"status-publish","4":"has-post-thumbnail","6":"product_cat-erdung","7":"product_cat-erdungstestgeraet-ekx-4-2-polig-zubehoer","9":"first","10":"instock","11":"taxable","12":"shipping-taxable","13":"product-type-variable","14":"has-default-attributes"},"jetpack_sharing_enabled":true,"_links":{"self":[{"href":"https:\/\/timm-technology.com\/de\/wp-json\/wp\/v2\/product\/2204","targetHints":{"allow":["GET"]}}],"collection":[{"href":"https:\/\/timm-technology.com\/de\/wp-json\/wp\/v2\/product"}],"about":[{"href":"https:\/\/timm-technology.com\/de\/wp-json\/wp\/v2\/types\/product"}],"version-history":[{"count":5,"href":"https:\/\/timm-technology.com\/de\/wp-json\/wp\/v2\/product\/2204\/revisions"}],"predecessor-version":[{"id":16057,"href":"https:\/\/timm-technology.com\/de\/wp-json\/wp\/v2\/product\/2204\/revisions\/16057"}],"wp:featuredmedia":[{"embeddable":true,"href":"https:\/\/timm-technology.com\/de\/wp-json\/wp\/v2\/media\/2049"}],"wp:attachment":[{"href":"https:\/\/timm-technology.com\/de\/wp-json\/wp\/v2\/media?parent=2204"}],"wp:term":[{"taxonomy":"product_brand","embeddable":true,"href":"https:\/\/timm-technology.com\/de\/wp-json\/wp\/v2\/product_brand?post=2204"},{"taxonomy":"product_cat","embeddable":true,"href":"https:\/\/timm-technology.com\/de\/wp-json\/wp\/v2\/product_cat?post=2204"},{"taxonomy":"product_tag","embeddable":true,"href":"https:\/\/timm-technology.com\/de\/wp-json\/wp\/v2\/product_tag?post=2204"}],"curies":[{"name":"wp","href":"https:\/\/api.w.org\/{rel}","templated":true}]}}