{"id":1965,"date":"2023-04-26T11:33:55","date_gmt":"2023-04-26T09:33:55","guid":{"rendered":"http:\/\/relaunch.timm-technology.com\/produkt\/kabelaufroller-mit-buchse-fur-ekx-4\/"},"modified":"2023-07-03T11:38:42","modified_gmt":"2023-07-03T09:38:42","slug":"kabelaufroller-mit-buchse-fur-ekx-4","status":"publish","type":"product","link":"https:\/\/timm-technology.com\/de\/produkt\/kabelaufroller-mit-buchse-fur-ekx-4\/","title":{"rendered":"Kabelaufroller mit Buchse, f\u00fcr EKX-4"},"content":{"rendered":"<p>Mithilfe des Kabelaufrollers schaffen Sie Ordnung im Arbeitsbereich und verhindern Stolperfallen durch das <strong>selbstst\u00e4ndige Aufrollen<\/strong> ungenutzter Erdungskabel.<\/p>\n<p><strong>Robuster<\/strong> und langlebiger Kabelaufroller mit Neopren-Erdungskabel und Erdungsbuchse TW700 zum Anschluss an das\u00a0Erdungstestger\u00e4t <strong>EKX-4<\/strong>. ATEX-zertifiziert f\u00fcr den Einsatz in den <strong>Zonen 1, 2, 21 und 22<\/strong>.<\/p>\n<p>In Verbindung mit der Erdunszange EZ1-DORN dient die Buchse TW700 als <strong>Abrei\u00dfsicherung<\/strong> bei verfr\u00fchtem Losfahren des angeschlossenen LKW&#8217;s.<\/p>\n","protected":false},"excerpt":{"rendered":"<p>Mithilfe des Kabelaufrollers schaffen Sie Ordnung im Arbeitsbereich und verhindern Stolperfallen durch das selbstst\u00e4ndige Aufrollen ungenutzter Erdungskabel. Robuster und langlebiger Kabelaufroller mit Neopren-Erdungskabel und Erdungsbuchse TW700 zum Anschluss an das\u00a0Erdungstestger\u00e4t EKX-4. ATEX-zertifiziert f\u00fcr den Einsatz in den Zonen 1, 2, 21 und 22. In Verbindung mit der Erdunszange EZ1-DORN dient die Buchse TW700 als Abrei\u00dfsicherung [&hellip;]<\/p>\n","protected":false},"featured_media":1951,"template":"","meta":[],"product_brand":[],"product_cat":[70,134,138],"product_tag":[],"class_list":{"0":"post-1965","1":"product","2":"type-product","3":"status-publish","4":"has-post-thumbnail","6":"product_cat-erdung","7":"product_cat-erdungstestgeraet-ekx-4-zubehoer","8":"product_cat-ekx-4-sonstiges","10":"first","11":"instock","12":"taxable","13":"shipping-taxable","14":"product-type-variable"},"jetpack_sharing_enabled":true,"_links":{"self":[{"href":"https:\/\/timm-technology.com\/de\/wp-json\/wp\/v2\/product\/1965","targetHints":{"allow":["GET"]}}],"collection":[{"href":"https:\/\/timm-technology.com\/de\/wp-json\/wp\/v2\/product"}],"about":[{"href":"https:\/\/timm-technology.com\/de\/wp-json\/wp\/v2\/types\/product"}],"version-history":[{"count":2,"href":"https:\/\/timm-technology.com\/de\/wp-json\/wp\/v2\/product\/1965\/revisions"}],"predecessor-version":[{"id":3721,"href":"https:\/\/timm-technology.com\/de\/wp-json\/wp\/v2\/product\/1965\/revisions\/3721"}],"wp:featuredmedia":[{"embeddable":true,"href":"https:\/\/timm-technology.com\/de\/wp-json\/wp\/v2\/media\/1951"}],"wp:attachment":[{"href":"https:\/\/timm-technology.com\/de\/wp-json\/wp\/v2\/media?parent=1965"}],"wp:term":[{"taxonomy":"product_brand","embeddable":true,"href":"https:\/\/timm-technology.com\/de\/wp-json\/wp\/v2\/product_brand?post=1965"},{"taxonomy":"product_cat","embeddable":true,"href":"https:\/\/timm-technology.com\/de\/wp-json\/wp\/v2\/product_cat?post=1965"},{"taxonomy":"product_tag","embeddable":true,"href":"https:\/\/timm-technology.com\/de\/wp-json\/wp\/v2\/product_tag?post=1965"}],"curies":[{"name":"wp","href":"https:\/\/api.w.org\/{rel}","templated":true}]}}