{"id":1869,"date":"2023-04-26T09:38:19","date_gmt":"2023-04-26T07:38:19","guid":{"rendered":"http:\/\/relaunch.timm-technology.com\/produkt\/testvorrichtung-fur-alle-erdungstestgerate\/"},"modified":"2023-07-03T09:55:28","modified_gmt":"2023-07-03T07:55:28","slug":"testvorrichtung-fur-alle-erdungstestgerate","status":"publish","type":"product","link":"https:\/\/timm-technology.com\/de\/produkt\/testvorrichtung-fur-alle-erdungstestgerate\/","title":{"rendered":"Testvorrichtung, f\u00fcr alle Erdungstestger\u00e4te"},"content":{"rendered":"<p>Die Testvorrichtung f\u00fcr alle TIMM-Erdungsger\u00e4te. Einfaches \u00dcberpr\u00fcfen des Erdungsger\u00e4tes durch <strong>vorkonfigurierte Schaltschwellen<\/strong> und anschauliche <strong>Legende<\/strong>. Auch eine nachtr\u00e4gliche <strong>Justierung und Anpassung<\/strong> des Erdungsger\u00e4tes kann mit der Testvorrichtug vorgenommen werden.<\/p>\n<p>F\u00fcr Erdungstestger\u00e4te <strong>Typ EKX-4, EKX-4 (2-polig), EKK-3, EKN-3, EKS-3 und EKK-3\/C<\/strong>. Einsetzbar in den <strong>Zonen 1|2<\/strong> und <strong>21|22<\/strong>. Beschriftung auf Englisch.<\/p>\n","protected":false},"excerpt":{"rendered":"<p>Die Testvorrichtung f\u00fcr alle TIMM-Erdungsger\u00e4te. Einfaches \u00dcberpr\u00fcfen des Erdungsger\u00e4tes durch vorkonfigurierte Schaltschwellen und anschauliche Legende. Auch eine nachtr\u00e4gliche Justierung und Anpassung des Erdungsger\u00e4tes kann mit der Testvorrichtug vorgenommen werden. F\u00fcr Erdungstestger\u00e4te Typ EKX-4, EKX-4 (2-polig), EKK-3, EKN-3, EKS-3 und EKK-3\/C. Einsetzbar in den Zonen 1|2 und 21|22. Beschriftung auf Englisch.<\/p>\n","protected":false},"featured_media":1871,"template":"","meta":[],"product_brand":[],"product_cat":[70,164,134,138,167],"product_tag":[],"class_list":{"0":"post-1869","1":"product","2":"type-product","3":"status-publish","4":"has-post-thumbnail","6":"product_cat-erdung","7":"product_cat-erdungstestgeraet-ekx-4-2-polig-zubehoer","8":"product_cat-erdungstestgeraet-ekx-4-zubehoer","9":"product_cat-ekx-4-sonstiges","10":"product_cat-ekx-4-2-polig-sonstiges","12":"first","13":"instock","14":"taxable","15":"shipping-taxable","16":"product-type-simple"},"jetpack_sharing_enabled":true,"_links":{"self":[{"href":"https:\/\/timm-technology.com\/de\/wp-json\/wp\/v2\/product\/1869","targetHints":{"allow":["GET"]}}],"collection":[{"href":"https:\/\/timm-technology.com\/de\/wp-json\/wp\/v2\/product"}],"about":[{"href":"https:\/\/timm-technology.com\/de\/wp-json\/wp\/v2\/types\/product"}],"version-history":[{"count":1,"href":"https:\/\/timm-technology.com\/de\/wp-json\/wp\/v2\/product\/1869\/revisions"}],"predecessor-version":[{"id":1870,"href":"https:\/\/timm-technology.com\/de\/wp-json\/wp\/v2\/product\/1869\/revisions\/1870"}],"wp:featuredmedia":[{"embeddable":true,"href":"https:\/\/timm-technology.com\/de\/wp-json\/wp\/v2\/media\/1871"}],"wp:attachment":[{"href":"https:\/\/timm-technology.com\/de\/wp-json\/wp\/v2\/media?parent=1869"}],"wp:term":[{"taxonomy":"product_brand","embeddable":true,"href":"https:\/\/timm-technology.com\/de\/wp-json\/wp\/v2\/product_brand?post=1869"},{"taxonomy":"product_cat","embeddable":true,"href":"https:\/\/timm-technology.com\/de\/wp-json\/wp\/v2\/product_cat?post=1869"},{"taxonomy":"product_tag","embeddable":true,"href":"https:\/\/timm-technology.com\/de\/wp-json\/wp\/v2\/product_tag?post=1869"}],"curies":[{"name":"wp","href":"https:\/\/api.w.org\/{rel}","templated":true}]}}