{"id":1836,"date":"2023-04-25T16:57:11","date_gmt":"2023-04-25T14:57:11","guid":{"rendered":"http:\/\/relaunch.timm-technology.com\/produkt\/erdungszange-mit-dorn-fur-ekx-4-und-vorgangermodelle\/"},"modified":"2023-07-03T11:02:25","modified_gmt":"2023-07-03T09:02:25","slug":"erdungszange-mit-dorn-fur-ekx-4-und-vorgangermodelle","status":"publish","type":"product","link":"https:\/\/timm-technology.com\/de\/produkt\/erdungszange-mit-dorn-fur-ekx-4-und-vorgangermodelle\/","title":{"rendered":"Erdungszange mit Dorn, f\u00fcr EKX-4 und Vorg\u00e4ngermodelle"},"content":{"rendered":"<p>Diese Erdungszange dient in Verbindung mit der Erdungsbuchse TW700 als <strong>Abrei\u00dfsicherung<\/strong> beim verfr\u00fchten Losfahren eines LKW&#8217;s.<\/p>\n<p>ATEX-zertifizierte Edelstahl-Erdungszange mit Gummi-Isolierh\u00fclle und montiertem Messingdorn.<\/p>\n<p>Zum Anschluss an <strong>Wendel-, Neopren- oder Silikonkabel<\/strong> mit montierter Erdungsbuchse TW700.<\/p>\n","protected":false},"excerpt":{"rendered":"<p>Diese Erdungszange dient in Verbindung mit der Erdungsbuchse TW700 als Abrei\u00dfsicherung beim verfr\u00fchten Losfahren eines LKW&#8217;s. ATEX-zertifizierte Edelstahl-Erdungszange mit Gummi-Isolierh\u00fclle und montiertem Messingdorn. Zum Anschluss an Wendel-, Neopren- oder Silikonkabel mit montierter Erdungsbuchse TW700.<\/p>\n","protected":false},"featured_media":1824,"template":"","meta":[],"product_brand":[],"product_cat":[70,134,136],"product_tag":[],"class_list":{"0":"post-1836","1":"product","2":"type-product","3":"status-publish","4":"has-post-thumbnail","6":"product_cat-erdung","7":"product_cat-erdungstestgeraet-ekx-4-zubehoer","8":"product_cat-ekx-4-zangen","10":"first","11":"instock","12":"taxable","13":"shipping-taxable","14":"product-type-simple"},"jetpack_sharing_enabled":true,"_links":{"self":[{"href":"https:\/\/timm-technology.com\/de\/wp-json\/wp\/v2\/product\/1836","targetHints":{"allow":["GET"]}}],"collection":[{"href":"https:\/\/timm-technology.com\/de\/wp-json\/wp\/v2\/product"}],"about":[{"href":"https:\/\/timm-technology.com\/de\/wp-json\/wp\/v2\/types\/product"}],"version-history":[{"count":2,"href":"https:\/\/timm-technology.com\/de\/wp-json\/wp\/v2\/product\/1836\/revisions"}],"predecessor-version":[{"id":3740,"href":"https:\/\/timm-technology.com\/de\/wp-json\/wp\/v2\/product\/1836\/revisions\/3740"}],"wp:featuredmedia":[{"embeddable":true,"href":"https:\/\/timm-technology.com\/de\/wp-json\/wp\/v2\/media\/1824"}],"wp:attachment":[{"href":"https:\/\/timm-technology.com\/de\/wp-json\/wp\/v2\/media?parent=1836"}],"wp:term":[{"taxonomy":"product_brand","embeddable":true,"href":"https:\/\/timm-technology.com\/de\/wp-json\/wp\/v2\/product_brand?post=1836"},{"taxonomy":"product_cat","embeddable":true,"href":"https:\/\/timm-technology.com\/de\/wp-json\/wp\/v2\/product_cat?post=1836"},{"taxonomy":"product_tag","embeddable":true,"href":"https:\/\/timm-technology.com\/de\/wp-json\/wp\/v2\/product_tag?post=1836"}],"curies":[{"name":"wp","href":"https:\/\/api.w.org\/{rel}","templated":true}]}}