{"id":1831,"date":"2023-04-25T16:45:03","date_gmt":"2023-04-25T14:45:03","guid":{"rendered":"http:\/\/relaunch.timm-technology.com\/produkt\/1-polige-erdungszange-fur-ekx-4-und-vorgangermodelle\/"},"modified":"2023-07-03T11:01:34","modified_gmt":"2023-07-03T09:01:34","slug":"1-polige-erdungszange-fur-ekx-4-und-vorgangermodelle","status":"publish","type":"product","link":"https:\/\/timm-technology.com\/de\/produkt\/1-polige-erdungszange-fur-ekx-4-und-vorgangermodelle\/","title":{"rendered":"1-polige Erdungszange, f\u00fcr EKX-4 und Vorg\u00e4ngermodelle"},"content":{"rendered":"<p><strong>ATEX-zertifizierte<\/strong> Edelstahl-Erdungszange mit Gummi-Isolierh\u00fclle f\u00fcr das <strong>Erdungstestger\u00e4t EXK-4<\/strong> und Vorg\u00e4ngermodelle wie <strong>EKK-3<\/strong>, <strong>EKN-3<\/strong> und <strong>EKS-3<\/strong>.<\/p>\n<p>Zum Anschluss an Wendel-, Neopren- oder Silikonkabel.<\/p>\n","protected":false},"excerpt":{"rendered":"<p>ATEX-zertifizierte Edelstahl-Erdungszange mit Gummi-Isolierh\u00fclle f\u00fcr das Erdungstestger\u00e4t EXK-4 und Vorg\u00e4ngermodelle wie EKK-3, EKN-3 und EKS-3. Zum Anschluss an Wendel-, Neopren- oder Silikonkabel.<\/p>\n","protected":false},"featured_media":1820,"template":"","meta":[],"product_brand":[],"product_cat":[70,134,136],"product_tag":[],"class_list":{"0":"post-1831","1":"product","2":"type-product","3":"status-publish","4":"has-post-thumbnail","6":"product_cat-erdung","7":"product_cat-erdungstestgeraet-ekx-4-zubehoer","8":"product_cat-ekx-4-zangen","10":"first","11":"instock","12":"taxable","13":"shipping-taxable","14":"product-type-simple"},"jetpack_sharing_enabled":true,"_links":{"self":[{"href":"https:\/\/timm-technology.com\/de\/wp-json\/wp\/v2\/product\/1831","targetHints":{"allow":["GET"]}}],"collection":[{"href":"https:\/\/timm-technology.com\/de\/wp-json\/wp\/v2\/product"}],"about":[{"href":"https:\/\/timm-technology.com\/de\/wp-json\/wp\/v2\/types\/product"}],"version-history":[{"count":2,"href":"https:\/\/timm-technology.com\/de\/wp-json\/wp\/v2\/product\/1831\/revisions"}],"predecessor-version":[{"id":3742,"href":"https:\/\/timm-technology.com\/de\/wp-json\/wp\/v2\/product\/1831\/revisions\/3742"}],"wp:featuredmedia":[{"embeddable":true,"href":"https:\/\/timm-technology.com\/de\/wp-json\/wp\/v2\/media\/1820"}],"wp:attachment":[{"href":"https:\/\/timm-technology.com\/de\/wp-json\/wp\/v2\/media?parent=1831"}],"wp:term":[{"taxonomy":"product_brand","embeddable":true,"href":"https:\/\/timm-technology.com\/de\/wp-json\/wp\/v2\/product_brand?post=1831"},{"taxonomy":"product_cat","embeddable":true,"href":"https:\/\/timm-technology.com\/de\/wp-json\/wp\/v2\/product_cat?post=1831"},{"taxonomy":"product_tag","embeddable":true,"href":"https:\/\/timm-technology.com\/de\/wp-json\/wp\/v2\/product_tag?post=1831"}],"curies":[{"name":"wp","href":"https:\/\/api.w.org\/{rel}","templated":true}]}}