{"id":1782,"date":"2023-04-24T17:13:09","date_gmt":"2023-04-24T15:13:09","guid":{"rendered":"http:\/\/relaunch.timm-technology.com\/produkt\/glattes-erdungskabel-mit-buchse-fur-ekx-4\/"},"modified":"2023-07-03T11:30:38","modified_gmt":"2023-07-03T09:30:38","slug":"glattes-erdungskabel-mit-buchse-fur-ekx-4","status":"publish","type":"product","link":"https:\/\/timm-technology.com\/de\/produkt\/glattes-erdungskabel-mit-buchse-fur-ekx-4\/","title":{"rendered":"Glattes Erdungskabel mit Buchse, f\u00fcr EKX-4"},"content":{"rendered":"<p><strong>Glattes Erdungskabel<\/strong> (2&#215;1,5mm\u00b2) als Verbindung zwischen einem Erdungstestger\u00e4t und dem zu erdenden Objekt. <strong>Flammenwidrig, mineral\u00f6lbest\u00e4ndig<\/strong> und <strong>hoch mechanisch belastbar<\/strong> im Temperaturbereich von -25\u00b0C bis +60\u00b0C.<\/p>\n<p>Zusammen mit der Erdungszange EZ1-Dorn dient dieses Kabel als <strong>Abrei\u00dfsicherung<\/strong> beim verfr\u00fchten Losfahren des angeschlossenen LKW&#8217;s.<\/p>\n<p>Neopren-Erdungskabel passend konfektioniert mit Erdungsbuchse TW 700 zum Anschluss an das <strong>Erdungstestger\u00e4t EKX-4<\/strong>.<\/p>\n","protected":false},"excerpt":{"rendered":"<p>Glattes Erdungskabel (2&#215;1,5mm\u00b2) als Verbindung zwischen einem Erdungstestger\u00e4t und dem zu erdenden Objekt. Flammenwidrig, mineral\u00f6lbest\u00e4ndig und hoch mechanisch belastbar im Temperaturbereich von -25\u00b0C bis +60\u00b0C. Zusammen mit der Erdungszange EZ1-Dorn dient dieses Kabel als Abrei\u00dfsicherung beim verfr\u00fchten Losfahren des angeschlossenen LKW&#8217;s. Neopren-Erdungskabel passend konfektioniert mit Erdungsbuchse TW 700 zum Anschluss an das Erdungstestger\u00e4t EKX-4.<\/p>\n","protected":false},"featured_media":1703,"template":"","meta":[],"product_brand":[],"product_cat":[70,134,135],"product_tag":[],"class_list":{"0":"post-1782","1":"product","2":"type-product","3":"status-publish","4":"has-post-thumbnail","6":"product_cat-erdung","7":"product_cat-erdungstestgeraet-ekx-4-zubehoer","8":"product_cat-ekx-4-kabel","10":"first","11":"instock","12":"taxable","13":"shipping-taxable","14":"product-type-variable"},"jetpack_sharing_enabled":true,"_links":{"self":[{"href":"https:\/\/timm-technology.com\/de\/wp-json\/wp\/v2\/product\/1782","targetHints":{"allow":["GET"]}}],"collection":[{"href":"https:\/\/timm-technology.com\/de\/wp-json\/wp\/v2\/product"}],"about":[{"href":"https:\/\/timm-technology.com\/de\/wp-json\/wp\/v2\/types\/product"}],"version-history":[{"count":2,"href":"https:\/\/timm-technology.com\/de\/wp-json\/wp\/v2\/product\/1782\/revisions"}],"predecessor-version":[{"id":3754,"href":"https:\/\/timm-technology.com\/de\/wp-json\/wp\/v2\/product\/1782\/revisions\/3754"}],"wp:featuredmedia":[{"embeddable":true,"href":"https:\/\/timm-technology.com\/de\/wp-json\/wp\/v2\/media\/1703"}],"wp:attachment":[{"href":"https:\/\/timm-technology.com\/de\/wp-json\/wp\/v2\/media?parent=1782"}],"wp:term":[{"taxonomy":"product_brand","embeddable":true,"href":"https:\/\/timm-technology.com\/de\/wp-json\/wp\/v2\/product_brand?post=1782"},{"taxonomy":"product_cat","embeddable":true,"href":"https:\/\/timm-technology.com\/de\/wp-json\/wp\/v2\/product_cat?post=1782"},{"taxonomy":"product_tag","embeddable":true,"href":"https:\/\/timm-technology.com\/de\/wp-json\/wp\/v2\/product_tag?post=1782"}],"curies":[{"name":"wp","href":"https:\/\/api.w.org\/{rel}","templated":true}]}}