{"id":1749,"date":"2023-04-24T16:39:52","date_gmt":"2023-04-24T14:39:52","guid":{"rendered":"http:\/\/relaunch.timm-technology.com\/produkt\/glattes-erdungskabel-mit-buchse-fur-ekk-3-ekn-3-und-eks-3\/"},"modified":"2023-07-03T11:29:56","modified_gmt":"2023-07-03T09:29:56","slug":"glattes-erdungskabel-mit-buchse-fur-ekk-3-ekn-3-und-eks-3","status":"publish","type":"product","link":"https:\/\/timm-technology.com\/de\/produkt\/glattes-erdungskabel-mit-buchse-fur-ekk-3-ekn-3-und-eks-3\/","title":{"rendered":"Glattes Erdungskabel mit Buchse, f\u00fcr EKK-3, EKN-3 und EKS-3"},"content":{"rendered":"<p><strong>Glattes Erdungskabel<\/strong> (1x6mm\u00b2) als Verbindung zwischen einem Erdungstestger\u00e4t und dem zu erdenden Objekt. <strong>Flammenwidrig<\/strong>, <strong>mineral\u00f6lbest\u00e4ndig<\/strong> und <strong>hoch mechanisch belastbar<\/strong> im Temperaturbereich von -25\u00b0C bis +60\u00b0C.<\/p>\n<p>Zusammen mit der Erdungszange EZ1-Dorn dient dieses Kabel als <strong>Abrei\u00dfsicherung<\/strong> beim verfr\u00fchten Losfahren des angeschlossenen LKW&#8217;s.<\/p>\n<p>Neopren-Erdungskabel passend konfektioniert mit Erdungsbuchse TW 700 zum Anschluss an die <strong>Erdungstestger\u00e4te<\/strong> <strong>EKK-3<\/strong>, <strong>EKN-3<\/strong> und <strong>EKS-3<\/strong>.<\/p>\n","protected":false},"excerpt":{"rendered":"<p>Glattes Erdungskabel (1x6mm\u00b2) als Verbindung zwischen einem Erdungstestger\u00e4t und dem zu erdenden Objekt. Flammenwidrig, mineral\u00f6lbest\u00e4ndig und hoch mechanisch belastbar im Temperaturbereich von -25\u00b0C bis +60\u00b0C. Zusammen mit der Erdungszange EZ1-Dorn dient dieses Kabel als Abrei\u00dfsicherung beim verfr\u00fchten Losfahren des angeschlossenen LKW&#8217;s. Neopren-Erdungskabel passend konfektioniert mit Erdungsbuchse TW 700 zum Anschluss an die Erdungstestger\u00e4te EKK-3, EKN-3 [&hellip;]<\/p>\n","protected":false},"featured_media":1696,"template":"","meta":[],"product_brand":[],"product_cat":[70,134,135],"product_tag":[],"class_list":{"0":"post-1749","1":"product","2":"type-product","3":"status-publish","4":"has-post-thumbnail","6":"product_cat-erdung","7":"product_cat-erdungstestgeraet-ekx-4-zubehoer","8":"product_cat-ekx-4-kabel","10":"first","11":"instock","12":"taxable","13":"shipping-taxable","14":"product-type-variable"},"jetpack_sharing_enabled":true,"_links":{"self":[{"href":"https:\/\/timm-technology.com\/de\/wp-json\/wp\/v2\/product\/1749","targetHints":{"allow":["GET"]}}],"collection":[{"href":"https:\/\/timm-technology.com\/de\/wp-json\/wp\/v2\/product"}],"about":[{"href":"https:\/\/timm-technology.com\/de\/wp-json\/wp\/v2\/types\/product"}],"version-history":[{"count":2,"href":"https:\/\/timm-technology.com\/de\/wp-json\/wp\/v2\/product\/1749\/revisions"}],"predecessor-version":[{"id":3756,"href":"https:\/\/timm-technology.com\/de\/wp-json\/wp\/v2\/product\/1749\/revisions\/3756"}],"wp:featuredmedia":[{"embeddable":true,"href":"https:\/\/timm-technology.com\/de\/wp-json\/wp\/v2\/media\/1696"}],"wp:attachment":[{"href":"https:\/\/timm-technology.com\/de\/wp-json\/wp\/v2\/media?parent=1749"}],"wp:term":[{"taxonomy":"product_brand","embeddable":true,"href":"https:\/\/timm-technology.com\/de\/wp-json\/wp\/v2\/product_brand?post=1749"},{"taxonomy":"product_cat","embeddable":true,"href":"https:\/\/timm-technology.com\/de\/wp-json\/wp\/v2\/product_cat?post=1749"},{"taxonomy":"product_tag","embeddable":true,"href":"https:\/\/timm-technology.com\/de\/wp-json\/wp\/v2\/product_tag?post=1749"}],"curies":[{"name":"wp","href":"https:\/\/api.w.org\/{rel}","templated":true}]}}