{"id":1728,"date":"2023-04-24T14:30:47","date_gmt":"2023-04-24T12:30:47","guid":{"rendered":"http:\/\/relaunch.timm-technology.com\/produkt\/erdungswendelkabel-mit-1-poliger-zange-fur-ekk-3-ekn-3-und-eks-3\/"},"modified":"2023-07-03T11:26:56","modified_gmt":"2023-07-03T09:26:56","slug":"erdungswendelkabel-mit-1-poliger-zange-fur-ekk-3-ekn-3-und-eks-3","status":"publish","type":"product","link":"https:\/\/timm-technology.com\/de\/produkt\/erdungswendelkabel-mit-1-poliger-zange-fur-ekk-3-ekn-3-und-eks-3\/","title":{"rendered":"Erdungswendelkabel mit 1-poliger Zange, f\u00fcr EKK-3, EKN-3 und EKS-3"},"content":{"rendered":"<p><strong>Ausziehbares Erdungswendelkabel<\/strong> als Verbindung zwischen einem Erdungstestger\u00e4t und dem zu erdenden Objekt. Hohe <strong>Strahlenbest\u00e4ndigkeit<\/strong>, <strong>Mineral\u00f6lbest\u00e4ndigkeit<\/strong> und <strong>Langlebigkeit<\/strong> im Temperaturbereich von -25\u00b0C bis +70\u00b0C.<\/p>\n<p>Passend konfektioniert mit 1-poliger Erdungszange f\u00fcr den direkten Anschluss an die Erdungstestger\u00e4te <strong>EKK-3<\/strong>, <strong>EKN-3<\/strong> und <strong>EKS-3<\/strong>. ATEX-zertifiziert f\u00fcr den Einsatz in den <strong>Zonen 1|2<\/strong> und <strong>21|22<\/strong>.<\/p>\n","protected":false},"excerpt":{"rendered":"<p>Ausziehbares Erdungswendelkabel als Verbindung zwischen einem Erdungstestger\u00e4t und dem zu erdenden Objekt. Hohe Strahlenbest\u00e4ndigkeit, Mineral\u00f6lbest\u00e4ndigkeit und Langlebigkeit im Temperaturbereich von -25\u00b0C bis +70\u00b0C. Passend konfektioniert mit 1-poliger Erdungszange f\u00fcr den direkten Anschluss an die Erdungstestger\u00e4te EKK-3, EKN-3 und EKS-3. ATEX-zertifiziert f\u00fcr den Einsatz in den Zonen 1|2 und 21|22.<\/p>\n","protected":false},"featured_media":1629,"template":"","meta":[],"product_brand":[],"product_cat":[70,134,135],"product_tag":[],"class_list":{"0":"post-1728","1":"product","2":"type-product","3":"status-publish","4":"has-post-thumbnail","6":"product_cat-erdung","7":"product_cat-erdungstestgeraet-ekx-4-zubehoer","8":"product_cat-ekx-4-kabel","10":"first","11":"instock","12":"taxable","13":"shipping-taxable","14":"product-type-variable"},"jetpack_sharing_enabled":true,"_links":{"self":[{"href":"https:\/\/timm-technology.com\/de\/wp-json\/wp\/v2\/product\/1728","targetHints":{"allow":["GET"]}}],"collection":[{"href":"https:\/\/timm-technology.com\/de\/wp-json\/wp\/v2\/product"}],"about":[{"href":"https:\/\/timm-technology.com\/de\/wp-json\/wp\/v2\/types\/product"}],"version-history":[{"count":2,"href":"https:\/\/timm-technology.com\/de\/wp-json\/wp\/v2\/product\/1728\/revisions"}],"predecessor-version":[{"id":3764,"href":"https:\/\/timm-technology.com\/de\/wp-json\/wp\/v2\/product\/1728\/revisions\/3764"}],"wp:featuredmedia":[{"embeddable":true,"href":"https:\/\/timm-technology.com\/de\/wp-json\/wp\/v2\/media\/1629"}],"wp:attachment":[{"href":"https:\/\/timm-technology.com\/de\/wp-json\/wp\/v2\/media?parent=1728"}],"wp:term":[{"taxonomy":"product_brand","embeddable":true,"href":"https:\/\/timm-technology.com\/de\/wp-json\/wp\/v2\/product_brand?post=1728"},{"taxonomy":"product_cat","embeddable":true,"href":"https:\/\/timm-technology.com\/de\/wp-json\/wp\/v2\/product_cat?post=1728"},{"taxonomy":"product_tag","embeddable":true,"href":"https:\/\/timm-technology.com\/de\/wp-json\/wp\/v2\/product_tag?post=1728"}],"curies":[{"name":"wp","href":"https:\/\/api.w.org\/{rel}","templated":true}]}}