{"id":1716,"date":"2023-04-19T10:09:18","date_gmt":"2023-04-19T08:09:18","guid":{"rendered":"http:\/\/relaunch.timm-technology.com\/produkt\/timm-profi-bite-erdungszange\/"},"modified":"2024-01-05T08:04:01","modified_gmt":"2024-01-05T07:04:01","slug":"timm-profi-bite-erdungszange","status":"publish","type":"product","link":"https:\/\/timm-technology.com\/de\/produkt\/timm-profi-bite-erdungszange\/","title":{"rendered":"TIMM Profi Bite Erdungszange"},"content":{"rendered":"<ul>\n<li><strong>Extra starke Allroundl\u00f6sung<\/strong> f\u00fcr die Erdung in <strong>anspruchsvollen Arbeitsumgebungen<\/strong><\/li>\n<li>Sehr gute Handhabung auch mit <strong>dicken Arbeitshandschuhen<\/strong><\/li>\n<li>Ideal auch <strong>f\u00fcr gro\u00dfe Objekte<\/strong> dank der extremen \u00d6ffnungsweite<\/li>\n<li><strong>Beste Bei\u00dfkraft<\/strong> durch eine <strong>verst\u00e4rkte Zangenfeder<\/strong> und <strong>beidseitige Erdungsz\u00e4hne<\/strong><\/li>\n<li>Langlebigkeit und geringe Abnutzung durch extra <strong>geh\u00e4rtete Spitzen<\/strong><\/li>\n<li>Die kr\u00e4ftigen Edelstahlz\u00e4hne k\u00f6nnen auch <strong>d\u00fcnne Lackschichten<\/strong> und <strong>leichte Verschmutzungen durchdringen<\/strong><\/li>\n<li>Bei Nichtnutzung werden die Erdungsspitzen durch einen Kunststoffblock vor <strong>unn\u00f6tigem Verschlei\u00df gesch\u00fctzt<\/strong><\/li>\n<li>Die <strong>integrierte Zugentlastung<\/strong> der Zange verhindert effektiv das Abrei\u00dfen des Erdungskabels von der Zange im Arbeitseinsatz<\/li>\n<li>Die TIMM Profi Bite Erdungszange kann einzeln oder mit einem <strong>fertig angeschlossenen Erdungskabel<\/strong> erworben werden<\/li>\n<li>Wir empfehlen die Verwendung unseres mechanisch \u00e4u\u00dferst stabilen <strong>spiralisierten Stahlseilkabels<\/strong><\/li>\n<\/ul>\n","protected":false},"excerpt":{"rendered":"<p><strong>Besonders geeignet f\u00fcr:<\/strong> Gro\u00dfe bis mittelgro\u00dfe F\u00e4sser, Beh\u00e4lter, Kanister; Tankwagen, Tankanh\u00e4nger, Tankauflieger, Tankcontainer, Siloz\u00fcge, Bahnkesselwagen<\/p>\n","protected":false},"featured_media":1258,"template":"","meta":[],"product_brand":[],"product_cat":[172,70,174],"product_tag":[],"class_list":{"0":"post-1716","1":"product","2":"type-product","3":"status-publish","4":"has-post-thumbnail","6":"product_cat-einfache-erdungsloesungen","7":"product_cat-erdung","8":"product_cat-einfache-erdungsloesungen-zangen","10":"first","11":"instock","12":"taxable","13":"shipping-taxable","14":"purchasable","15":"product-type-simple"},"jetpack_sharing_enabled":true,"_links":{"self":[{"href":"https:\/\/timm-technology.com\/de\/wp-json\/wp\/v2\/product\/1716","targetHints":{"allow":["GET"]}}],"collection":[{"href":"https:\/\/timm-technology.com\/de\/wp-json\/wp\/v2\/product"}],"about":[{"href":"https:\/\/timm-technology.com\/de\/wp-json\/wp\/v2\/types\/product"}],"version-history":[{"count":1,"href":"https:\/\/timm-technology.com\/de\/wp-json\/wp\/v2\/product\/1716\/revisions"}],"predecessor-version":[{"id":1719,"href":"https:\/\/timm-technology.com\/de\/wp-json\/wp\/v2\/product\/1716\/revisions\/1719"}],"wp:featuredmedia":[{"embeddable":true,"href":"https:\/\/timm-technology.com\/de\/wp-json\/wp\/v2\/media\/1258"}],"wp:attachment":[{"href":"https:\/\/timm-technology.com\/de\/wp-json\/wp\/v2\/media?parent=1716"}],"wp:term":[{"taxonomy":"product_brand","embeddable":true,"href":"https:\/\/timm-technology.com\/de\/wp-json\/wp\/v2\/product_brand?post=1716"},{"taxonomy":"product_cat","embeddable":true,"href":"https:\/\/timm-technology.com\/de\/wp-json\/wp\/v2\/product_cat?post=1716"},{"taxonomy":"product_tag","embeddable":true,"href":"https:\/\/timm-technology.com\/de\/wp-json\/wp\/v2\/product_tag?post=1716"}],"curies":[{"name":"wp","href":"https:\/\/api.w.org\/{rel}","templated":true}]}}